{"id":992,"date":"2009-10-19T10:47:33","date_gmt":"2009-10-19T08:47:33","guid":{"rendered":"http:\/\/www.idrologia.polito.it\/web2\/?page_id=992"},"modified":"2021-11-08T15:43:24","modified_gmt":"2021-11-08T14:43:24","slug":"interreg","status":"publish","type":"page","link":"https:\/\/www.idrologia.polito.it\/web2\/ricerca\/invasi-artificiali\/interreg\/","title":{"rendered":"Programma INTERREG"},"content":{"rendered":"<p style=\"text-align: justify;\">Il programma<em> Interreg IIIA<\/em> rientra tra quei progetti comunitari i cui fondamenti sono la gestione, la salvaguardia e la valorizzazione del territorio e delle risorse ambientali.<\/p>\n<p style=\"text-align: justify;\">La presenza di un numero rilevante di bacini artificiali di ritenuta a scopo idroelettrico nella regione del Verbano-Cusio-Ossola, a cui si devono aggiungere quelli confinanti in territorio Svizzero, ha suggerito uno studio finalizzato allo sviluppo di un sistema di gestione dei rischi idrogeologici nell&#8217;area del Lago Maggiore. In tal senso i laghi hanno assunto un ruolo parallelo a quello di serbatoi di accumulo di ingenti volumi d&#8217;acqua turbinabili, andando ad interagire con la formazione, modulazione e trasferimento delle onde di piena in caso di eventi estremi, laddove una valutazione in termini di costi-benefici dell&#8217;utilizzo di una quota parte dell&#8217;invaso ai fini della mitigazione del rischio ne giustifichi l&#8217;impiego in tal senso.<\/p>\n<p align=\"center\"><strong>AZIONE 3<\/strong><br \/>\n<em><span style=\"text-decoration: underline;\">Studio del ruolo dei bacini artificiali nella formazione delle piene<\/span><\/em><\/p>\n<p><strong>Strutture referenti del progetto:<\/strong><\/p>\n<ol>\n<li>Regione Piemonte &#8211; Agenzia Regionale di protezione dell&#8217;Ambiente (ARPA)<\/li>\n<li>Ist. Scienze della Terra &#8211; Scuola Univ. Prof. della Svizzera Italiana (IST-SUPSI)<\/li>\n<\/ol>\n<p><strong>Organismi coinvolti:<\/strong><\/p>\n<ol>\n<li>Politecnico di Torino &#8211; Dip. di Idraulica, Trasporti ed Infrastrutture Civili (DITIC)<\/li>\n<li>Registro Nazionale Dighe &#8211; Ufficio Idraulica Roma (I)(RID-UIDR) Comp. Torino (RID-TO)<\/li>\n<li>Service des forces hydrauliques &#8211; Amministrazione Vallese (SFH)<\/li>\n<li>Politecnico Federale di Losanna &#8211; Laboratoire de Construction Hydrauliques (EPFL)<\/li>\n<li>M\u00e9t\u00e9osuisse &#8211; Office f\u00e9d\u00e9ral de M\u00e9t\u00e9orologie (Locarno, Gen\u00e9ve)<\/li>\n<\/ol>\n<p style=\"text-align: center;\"><strong>FASI DELL&#8217;AZIONE 3<\/strong><\/p>\n<ol>\n<li style=\"text-align: justify;\"><a href=\"http:\/\/www.idrologia.polito.it\/web2\/progetti\/conclusi\/interreg\/fase1\" target=\"_self\">Catasto delle Opere e delle utilizzazioni <\/a>[DITIC; RID-TO; IST-SUPSI]<\/li>\n<li style=\"text-align: justify;\"><a href=\"http:\/\/www.idrologia.polito.it\/web2\/progetti\/conclusi\/interreg\/fase2\">Individuazione delle aree che possono ricavare benefici dalla laminazione delle piene nelle dighe del sistema (Aree Target)<\/a> [DITIC; RID-UIDR]<\/li>\n<li style=\"text-align: justify;\"><a href=\"http:\/\/www.idrologia.polito.it\/web2\/progetti\/conclusi\/interreg\/fase3\">Sviluppo di un modello idrologico di previsione delle piene per il Canton Ticino e di un modello idrologico di simulazione continua dei deflussi fluviali<\/a>[DITIC; IST-SUPSI]<\/li>\n<li style=\"text-align: justify;\">Implementazione dell&#8217;attuale gestione degli invasi nel sistema di previsione delle piene in tempo reale della Regione Piemonte e del Canton Ticino [ARPA; IST-SUPSI]<\/li>\n<li style=\"text-align: justify;\">Analisi delle caratteristiche gestionali dell&#8217;utenza idroelettrica e modellazione matematica del sistema di invasi: ricerca di criteri di gestione ottimale rispetto all&#8217;effetto di laminazione [DITIC; IST-SUPSI;]<\/li>\n<li style=\"text-align: justify;\">Impostazione di un modello di gestione degli invasi in tempo reale accoppiato con la previsione meteorologica [RID-UIDR;IST-SUPSI]<\/li>\n<li style=\"text-align: justify;\">Valutazione degli effetti delle dighe sulle piene del reticolo minore in relazione al sistema bacino idrografico &#8211; Lago Verbano [DITIC; IST-SUPSI]<\/li>\n<\/ol>\n<p>Tutti i <strong>documenti<\/strong> sono disponibili <a href=\"http:\/\/www.idrologia.polito.it\/intrg\/\">qui<\/a><\/p>\n<blockquote>\n<p style=\"text-align: right;\"><a href=\"http:\/\/www.idrologia.polito.it\/web2\/progetti\/\">Torna a\u00a0Progetti <\/a><\/p>\n<\/blockquote>\n","protected":false},"excerpt":{"rendered":"<p style=\"text-align: justify;\">Il programma Interreg IIIA rientra tra quei progetti comunitari i cui fondamenti sono la gestione, la salvaguardia e la valorizzazione del territorio e delle risorse ambientali.<\/p>\n<p style=\"text-align: justify;\">La presenza di un numero rilevante di bacini artificiali di ritenuta a scopo idroelettrico nella regione del Verbano-Cusio-Ossola, a cui si devono aggiungere quelli confinanti [&#8230;]<\/p>\n","protected":false},"author":5,"featured_media":0,"parent":2591,"menu_order":2,"comment_status":"closed","ping_status":"closed","template":"","meta":[],"_links":{"self":[{"href":"https:\/\/www.idrologia.polito.it\/web2\/wp-json\/wp\/v2\/pages\/992"}],"collection":[{"href":"https:\/\/www.idrologia.polito.it\/web2\/wp-json\/wp\/v2\/pages"}],"about":[{"href":"https:\/\/www.idrologia.polito.it\/web2\/wp-json\/wp\/v2\/types\/page"}],"author":[{"embeddable":true,"href":"https:\/\/www.idrologia.polito.it\/web2\/wp-json\/wp\/v2\/users\/5"}],"replies":[{"embeddable":true,"href":"https:\/\/www.idrologia.polito.it\/web2\/wp-json\/wp\/v2\/comments?post=992"}],"version-history":[{"count":24,"href":"https:\/\/www.idrologia.polito.it\/web2\/wp-json\/wp\/v2\/pages\/992\/revisions"}],"predecessor-version":[{"id":3788,"href":"https:\/\/www.idrologia.polito.it\/web2\/wp-json\/wp\/v2\/pages\/992\/revisions\/3788"}],"up":[{"embeddable":true,"href":"https:\/\/www.idrologia.polito.it\/web2\/wp-json\/wp\/v2\/pages\/2591"}],"wp:attachment":[{"href":"https:\/\/www.idrologia.polito.it\/web2\/wp-json\/wp\/v2\/media?parent=992"}],"curies":[{"name":"wp","href":"https:\/\/api.w.org\/{rel}","templated":true}]}}