{"id":900,"date":"2009-10-04T14:51:56","date_gmt":"2009-10-04T12:51:56","guid":{"rendered":"http:\/\/www.idrologia.polito.it\/web2\/?page_id=900"},"modified":"2021-11-16T11:22:58","modified_gmt":"2021-11-16T10:22:58","slug":"aii-sezione-lpvda","status":"publish","type":"page","link":"https:\/\/www.idrologia.polito.it\/web2\/associazioni\/aii-sezione-lpvda\/","title":{"rendered":"Associazione Idrotecnica Italiana"},"content":{"rendered":"<p style=\"text-align: center;\">\n<p style=\"text-align: left;\">L\u2019Associazione Idrotecnica Italiana \u00e8 stata istituita nel 1923, con lo scopo di promuovere lo sviluppo e la diffusione della cultura dell\u2019acqua nei vari aspetti relativi alla gestione delle risorse idriche, alla salvaguardia dei corpi idrici ed alla difesa dell\u2019ambiente.\u00a0Negli anni \u00e8 stata un punto di riferimento per gli interventi riguardanti il patrimonio idrico italiano ed \u00e8 tuttora motivo di incontro tra le comunit\u00e0 scientifica e professionale, con lo scopo di divulgare e risolvere i problemi relativi all\u2019acqua, sensibilizzando l\u2019opinione pubblica e la classe politica.<\/p>\n<p style=\"text-align: justify;\">Avvalendosi di efficaci contatti con le istituzioni, gli enti di ricerca, l\u2019Universit\u00e0, e con il supporto di qualificati studi di ingegneria e di imprese, l\u2019Associazione Idrotecnica Italiana promuove iniziative culturali e di ricerca nel campo dell\u2019idraulica e delle varie discipline attinenti all\u2019acqua. Cura inoltre rapporti di cooperazione tecnico-scientifica con organizzazioni similari italiane e straniere ed organizza convegni, incontri di studio e corsi di aggiornamento professionale.<\/p>\n<p style=\"text-align: justify;\">\n<p>SEZIONE \u00a0LIGURIA &#8211; PIEMONTE &#8211;\u00a0VALLE D&#8217;AOSTA<\/p>\n<p>c\/o DIATI \u2013 Politecnico di Torino,\u00a0C.so Duca degli Abruzzi 24 \u2013 10129 Torino<\/p>\n<p>Telefono:\u00a0\u00a0011\/5645660<\/p>\n<p>Fax:\u00a0 011\/0905698<\/p>\n<p>Email:\u00a0<a href=\"mailto:ilaria.butera@polito.it\">ilaria.butera@polito.it<\/a>\u00a0\/\u00a0<a href=\"mailto:sez.lig-piem-aosta@idrotecnicaitaliana.it\" target=\"_blank\" rel=\"noopener noreferrer\">sez.lig-piem-aosta@idrotecnicaitaliana.it<\/a><\/p>\n<p>Sito: <a href=\"https:\/\/www.idrotecnicaitaliana.it\/sezioni\/sezioni-all-liguria-piemonte-e-valle-daosta\/\" target=\"_blank\" rel=\"noopener noreferrer\">https:\/\/www.idrotecnicaitaliana.it\/sezioni\/sezioni-all-liguria-piemonte-e-valle-daosta\/<\/a><\/p>\n","protected":false},"excerpt":{"rendered":"<p style=\"text-align: center;\">\n<p style=\"text-align: left;\">L\u2019Associazione Idrotecnica Italiana \u00e8 stata istituita nel 1923, con lo scopo di promuovere lo sviluppo e la diffusione della cultura dell\u2019acqua nei vari aspetti relativi alla gestione delle risorse idriche, alla salvaguardia dei corpi idrici ed alla difesa dell\u2019ambiente. Negli anni \u00e8 stata un punto di riferimento per gli interventi [&#8230;]<\/p>\n","protected":false},"author":5,"featured_media":0,"parent":692,"menu_order":3,"comment_status":"open","ping_status":"open","template":"","meta":[],"_links":{"self":[{"href":"https:\/\/www.idrologia.polito.it\/web2\/wp-json\/wp\/v2\/pages\/900"}],"collection":[{"href":"https:\/\/www.idrologia.polito.it\/web2\/wp-json\/wp\/v2\/pages"}],"about":[{"href":"https:\/\/www.idrologia.polito.it\/web2\/wp-json\/wp\/v2\/types\/page"}],"author":[{"embeddable":true,"href":"https:\/\/www.idrologia.polito.it\/web2\/wp-json\/wp\/v2\/users\/5"}],"replies":[{"embeddable":true,"href":"https:\/\/www.idrologia.polito.it\/web2\/wp-json\/wp\/v2\/comments?post=900"}],"version-history":[{"count":17,"href":"https:\/\/www.idrologia.polito.it\/web2\/wp-json\/wp\/v2\/pages\/900\/revisions"}],"predecessor-version":[{"id":3840,"href":"https:\/\/www.idrologia.polito.it\/web2\/wp-json\/wp\/v2\/pages\/900\/revisions\/3840"}],"up":[{"embeddable":true,"href":"https:\/\/www.idrologia.polito.it\/web2\/wp-json\/wp\/v2\/pages\/692"}],"wp:attachment":[{"href":"https:\/\/www.idrologia.polito.it\/web2\/wp-json\/wp\/v2\/media?parent=900"}],"curies":[{"name":"wp","href":"https:\/\/api.w.org\/{rel}","templated":true}]}}