{"id":478,"date":"2009-07-24T11:16:09","date_gmt":"2009-07-24T09:16:09","guid":{"rendered":"http:\/\/www.idrologia.polito.it\/web2\/?page_id=478"},"modified":"2023-11-22T12:32:22","modified_gmt":"2023-11-22T11:32:22","slug":"banna-bendola","status":"publish","type":"page","link":"https:\/\/www.idrologia.polito.it\/web2\/ricerca\/valutazione-piene\/banna-bendola\/","title":{"rendered":"Banna-Bendola"},"content":{"rendered":"<blockquote>\n<p style=\"text-align: center;\"><strong>Esame degli interventi previsti per la messa in sicurezza del bacino del Banna-Bendola<\/strong><\/p>\n<p style=\"text-align: center;\">Responsabili: P. Claps, D. Poggi<br \/>\nCollaboratori: F. Miotto, R. Radice, L. Periale<\/p>\n<\/blockquote>\n<p><img decoding=\"async\" loading=\"lazy\" class=\"alignright size-medium wp-image-479\" title=\"Presentazione BANNA-1_1\" src=\"http:\/\/www.idrologia.polito.it\/web2\/wp-content\/uploads\/2009\/07\/Presentazione-BANNA-1_1-225x300.jpg\" alt=\"Presentazione BANNA-1_1\" width=\"225\" height=\"300\" srcset=\"https:\/\/www.idrologia.polito.it\/web2\/wp-content\/uploads\/2009\/07\/Presentazione-BANNA-1_1-225x300.jpg 225w, https:\/\/www.idrologia.polito.it\/web2\/wp-content\/uploads\/2009\/07\/Presentazione-BANNA-1_1-768x1024.jpg 768w, https:\/\/www.idrologia.polito.it\/web2\/wp-content\/uploads\/2009\/07\/Presentazione-BANNA-1_1.jpg 1200w\" sizes=\"(max-width: 225px) 100vw, 225px\" \/>Svolto negli anni 2008-2009 a seguito del contratto di ricerca stipulato tra il Politecnico di Torino e il Consorzio per l\u2019arginatura e la sistemazione del Torrente Banna-Bendola, lo <a href=\"\/web2\/progetti\/conclusi\/banna-bendola\/il-progetto\" target=\"_blank\" rel=\"noopener noreferrer\">studio<\/a> ha avuto l\u2019obiettivo di valutare l\u2019efficienza di alcuni interventi strutturali per la riduzione del rischio nei territori adiacenti al corso del torrente. Le opere considerate sono una cassa di espansione e un canale scolmatore gi\u00e0 in fase di esercizio, poste nei territori dei Comuni di Balangero e Mathi.<br \/>\nNell\u2019ambito di questa attivit\u00e0 si \u00e8 esaminata la vulnerabilit\u00e0 idrologica dei territori attraversati dal torrente e si \u00e8 valutato in via preliminare l\u2019effetto degli interventi antropici sulla capacit\u00e0 del corso d\u2019acqua di smaltire le portate di piena.<br \/>\nNell&#8217;area <a href=\"\/web2\/progetti\/conclusi\/banna-bendola\/documenti\" target=\"_blank\" rel=\"noopener noreferrer\">documenti<\/a> \u00e8 possibile scaricare la relazione finale del progetto, gli allegati e le pubblicazioni prodotte sull&#8217;argomento.<\/p>\n<blockquote>\n<p style=\"text-align: right;\"><a href=\"\/web2\/progetti\/conclusi\">Torna a Progetti Conclusi<\/a><\/p>\n<\/blockquote>\n","protected":false},"excerpt":{"rendered":"\n<p style=\"text-align: center;\">Esame degli interventi previsti per la messa in sicurezza del bacino del Banna-Bendola<\/p>\n<p style=\"text-align: center;\">Responsabili: P. Claps, D. Poggi Collaboratori: F. Miotto, R. Radice, L. Periale<\/p>\n<p>Svolto negli anni 2008-2009 a seguito del contratto di ricerca stipulato tra il Politecnico di Torino e il Consorzio per l\u2019arginatura e la sistemazione del [&#8230;]<\/p>\n","protected":false},"author":5,"featured_media":0,"parent":32,"menu_order":3,"comment_status":"closed","ping_status":"closed","template":"","meta":[],"_links":{"self":[{"href":"https:\/\/www.idrologia.polito.it\/web2\/wp-json\/wp\/v2\/pages\/478"}],"collection":[{"href":"https:\/\/www.idrologia.polito.it\/web2\/wp-json\/wp\/v2\/pages"}],"about":[{"href":"https:\/\/www.idrologia.polito.it\/web2\/wp-json\/wp\/v2\/types\/page"}],"author":[{"embeddable":true,"href":"https:\/\/www.idrologia.polito.it\/web2\/wp-json\/wp\/v2\/users\/5"}],"replies":[{"embeddable":true,"href":"https:\/\/www.idrologia.polito.it\/web2\/wp-json\/wp\/v2\/comments?post=478"}],"version-history":[{"count":9,"href":"https:\/\/www.idrologia.polito.it\/web2\/wp-json\/wp\/v2\/pages\/478\/revisions"}],"predecessor-version":[{"id":4387,"href":"https:\/\/www.idrologia.polito.it\/web2\/wp-json\/wp\/v2\/pages\/478\/revisions\/4387"}],"up":[{"embeddable":true,"href":"https:\/\/www.idrologia.polito.it\/web2\/wp-json\/wp\/v2\/pages\/32"}],"wp:attachment":[{"href":"https:\/\/www.idrologia.polito.it\/web2\/wp-json\/wp\/v2\/media?parent=478"}],"curies":[{"name":"wp","href":"https:\/\/api.w.org\/{rel}","templated":true}]}}