{"id":3867,"date":"2021-11-16T11:58:23","date_gmt":"2021-11-16T10:58:23","guid":{"rendered":"http:\/\/www.idrologia.polito.it\/web2\/?page_id=3867"},"modified":"2021-11-16T11:58:23","modified_gmt":"2021-11-16T10:58:23","slug":"lares","status":"publish","type":"page","link":"https:\/\/www.idrologia.polito.it\/web2\/associazioni\/lares\/","title":{"rendered":"LARES"},"content":{"rendered":"<p><strong>LARES ITALIA \u2013 UNIONE NAZIONALE LAUREATI ESPERTI IN PROTEZIONE CIVILE<\/strong><\/p>\n<p>\u00c8 stata recentemente siglata una\u00a0convenzione tra il Dipartimento di Ingegneria dell\u2019Ambiente, del Territorio e delle Infrastrutture del Politecnico di Torino (DIATI) e LARES Italia, organizzazione di protezione civile iscritta all\u2019elenco centrale del Dipartimento della Protezione Civile, che rappresenta e coinvolge studenti e laureati in corsi universitari da tutto il territorio nazionale in attivit\u00e0 connesse alla riduzione di danni derivanti da eventi calamitosi di origine naturale o derivanti dall\u2019attivit\u00e0 dell&#8217;uomo.<br \/>\nLa disseminazione della conoscenza sui rischi naturali, sulla logica della prevenzione e la diffusione della cultura della sicurezza \u00e8 peraltro uno degli obiettivi prioritari nell\u2019ambito della terza missione del\u00a0DIATI\u00a0che vede quindi la collaborazione con\u00a0LARES\u00a0particolarmente promettente. In particolare, \u00e8 interessante citare a questo proposito l\u2019attivit\u00e0 del team studentesco\u00a0<a href=\"https:\/\/www.milegoalterritorio.it\/\">\u201cMi Lego al Territorio<\/a>\u201d, che organizza periodicamente attivit\u00e0 educative per bambini e ragazzi sul rischio ambientale e la sua prevenzione. Inoltre all\u2019interno dell\u2019offerta formativa proposta dal DIATI, si ricorda che\u00a0il corso di laurea magistrale in Ingegneria per l\u2019Ambiente e il Territorio comprende uno specifico orientamento dedicato a \u201cRischi naturali e protezione civile\u201d.<br \/>\n\u201c<em>Le Parti<\/em>\u201d, si legge nella Convenzione, \u201c[\u2026]\u00a0<em>si impegnano reciprocamente ad instaurare rapporti di collaborazione istituzionale e scientifica per iniziative riguardanti attivit\u00e0 di ricerca scientifica, di formazione e di disseminazione della conoscenza nell\u2019ambito di aree disciplinari connesse ai settori della Protezione Civile, della Difesa Civile e della Sicurezza<\/em>.\u201d La collaborazione quindi potr\u00e0 prendere la forma di condivisione dati, collaborazioni tecnico-scientifiche, promozione di attivit\u00e0 di diffusione della cultura scientifica e tecnologica sul territorio, oltre a collaborazioni per attivit\u00e0 di didattica e formazione: azioni che verranno programmate e dettagliate nei prossimi mesi.<\/p>\n","protected":false},"excerpt":{"rendered":"<p>LARES ITALIA \u2013 UNIONE NAZIONALE LAUREATI ESPERTI IN PROTEZIONE CIVILE<\/p>\n<p>\u00c8 stata recentemente siglata una convenzione tra il Dipartimento di Ingegneria dell\u2019Ambiente, del Territorio e delle Infrastrutture del Politecnico di Torino (DIATI) e LARES Italia, organizzazione di protezione civile iscritta all\u2019elenco centrale del Dipartimento della Protezione Civile, che rappresenta e coinvolge studenti e laureati in [&#8230;]<\/p>\n","protected":false},"author":9,"featured_media":0,"parent":692,"menu_order":4,"comment_status":"closed","ping_status":"closed","template":"","meta":[],"_links":{"self":[{"href":"https:\/\/www.idrologia.polito.it\/web2\/wp-json\/wp\/v2\/pages\/3867"}],"collection":[{"href":"https:\/\/www.idrologia.polito.it\/web2\/wp-json\/wp\/v2\/pages"}],"about":[{"href":"https:\/\/www.idrologia.polito.it\/web2\/wp-json\/wp\/v2\/types\/page"}],"author":[{"embeddable":true,"href":"https:\/\/www.idrologia.polito.it\/web2\/wp-json\/wp\/v2\/users\/9"}],"replies":[{"embeddable":true,"href":"https:\/\/www.idrologia.polito.it\/web2\/wp-json\/wp\/v2\/comments?post=3867"}],"version-history":[{"count":2,"href":"https:\/\/www.idrologia.polito.it\/web2\/wp-json\/wp\/v2\/pages\/3867\/revisions"}],"predecessor-version":[{"id":3872,"href":"https:\/\/www.idrologia.polito.it\/web2\/wp-json\/wp\/v2\/pages\/3867\/revisions\/3872"}],"up":[{"embeddable":true,"href":"https:\/\/www.idrologia.polito.it\/web2\/wp-json\/wp\/v2\/pages\/692"}],"wp:attachment":[{"href":"https:\/\/www.idrologia.polito.it\/web2\/wp-json\/wp\/v2\/media?parent=3867"}],"curies":[{"name":"wp","href":"https:\/\/api.w.org\/{rel}","templated":true}]}}