{"id":3773,"date":"2021-11-08T15:32:26","date_gmt":"2021-11-08T14:32:26","guid":{"rendered":"http:\/\/www.idrologia.polito.it\/web2\/?page_id=3773"},"modified":"2021-11-08T15:35:00","modified_gmt":"2021-11-08T14:35:00","slug":"multirain-tool","status":"publish","type":"page","link":"https:\/\/www.idrologia.polito.it\/web2\/ricerca\/analisi-delle-precipitazioni\/multirain-tool\/","title":{"rendered":"MultiRain tool"},"content":{"rendered":"<p style=\"text-align: center;\"><strong>MultiRain tool: stima multi-modello della pioggia di progetto<\/strong><\/p>\n<p><img decoding=\"async\" loading=\"lazy\" class=\"aligncenter wp-image-3374\" src=\"http:\/\/www.idrologia.polito.it\/web2\/wp-content\/uploads\/2019\/03\/FIG3.jpg\" alt=\"\" width=\"698\" height=\"418\" \/><\/p>\n<p>Le progettazioni di infrastrutture idrauliche in Italia si sono basate sull\u2019uso di procedure di stima delle piogge intense che hanno subito aggiornamenti negli ultimi anni. Queste procedure propongono cartografie e metodi per la costruzione delle curve intensit\u00e0-durata-frequenza (IDF) delle piogge estreme che risultano ancora utili per la revisione dei progetti stessi o per verifiche di funzionalit\u00e0 delle infrastrutture. L\u2019impiego occasionale (per lo pi\u00f9 da effettuare manualmente, anche sulla base di consultazione di mappe cartacee) \u00e8 per\u00f2 abbastanza oneroso, in particolare quando \u00e8 necessaria la stima della pioggia di progetto areale, quasi mai prevista nelle procedure proposte.<\/p>\n<p>MultiRain tool consente in modo pratico e veloce di determinare stime di piogge estreme, o dell\u2019intera serie di curve Altezza-Durata-Frequenza, usando diverse metodologie accreditate sul territorio italiano. Il tool offre l\u2019accesso sia agli studi pi\u00f9 aggiornati di analisi regionale che a quelli, pur meno recenti, che rappresentano capisaldi nelle valutazioni della pericolosit\u00e0 idrologica a diversa scala spaziale. Apposite funzioni di selezione consentono di ottenere anche stime anche mediate su un\u2019area, tipicamente quella di un bacino idrografico. \u00c8 possibile inoltre determinare il periodo di ritorno di riferimento di un valore di precipitazione rilevato per assegnata durata.<\/p>\n<p><strong>Reference<\/strong><\/p>\n<ul>\n<li>Grasso S., A. Libertino, and P. Claps: A Web-GIS Tool for Rainstorm Hazard Management Over Large Areas. 2018. In: Goffredo La Loggia, Gabriele Freni, Valeria Puleo and Mauro De Marchis (editors). HIC 2018. 13th International Conference on Hydroinformatics, vol 3, pp. 844-851, doi:\u00a0<a href=\"https:\/\/doi.org\/10.29007\/gthr\">10.29007\/gthr<\/a>.<\/li>\n<li>Grasso S., P. Claps, D. Ganora, and A. Libertino: A web-based open-source geoinformation tool for regional water resources assessment. 2018. In: Proceedings of the 3rd International Electronic Conference on Water Sciences (ECWS-3) 15-30 November 2018; MDPI AG, doi:\u00a0<a href=\"https:\/\/doi.org\/10.3390\/ECWS-3-05831\">10.3390\/ECWS-3-05831<\/a>.<\/li>\n<\/ul>\n","protected":false},"excerpt":{"rendered":"<p style=\"text-align: center;\">MultiRain tool: stima multi-modello della pioggia di progetto<\/p>\n<\/p>\n<p>Le progettazioni di infrastrutture idrauliche in Italia si sono basate sull\u2019uso di procedure di stima delle piogge intense che hanno subito aggiornamenti negli ultimi anni. Queste procedure propongono cartografie e metodi per la costruzione delle curve intensit\u00e0-durata-frequenza (IDF) delle piogge estreme che risultano ancora [&#8230;]<\/p>\n","protected":false},"author":9,"featured_media":0,"parent":3735,"menu_order":3,"comment_status":"closed","ping_status":"closed","template":"","meta":[],"_links":{"self":[{"href":"https:\/\/www.idrologia.polito.it\/web2\/wp-json\/wp\/v2\/pages\/3773"}],"collection":[{"href":"https:\/\/www.idrologia.polito.it\/web2\/wp-json\/wp\/v2\/pages"}],"about":[{"href":"https:\/\/www.idrologia.polito.it\/web2\/wp-json\/wp\/v2\/types\/page"}],"author":[{"embeddable":true,"href":"https:\/\/www.idrologia.polito.it\/web2\/wp-json\/wp\/v2\/users\/9"}],"replies":[{"embeddable":true,"href":"https:\/\/www.idrologia.polito.it\/web2\/wp-json\/wp\/v2\/comments?post=3773"}],"version-history":[{"count":6,"href":"https:\/\/www.idrologia.polito.it\/web2\/wp-json\/wp\/v2\/pages\/3773\/revisions"}],"predecessor-version":[{"id":3780,"href":"https:\/\/www.idrologia.polito.it\/web2\/wp-json\/wp\/v2\/pages\/3773\/revisions\/3780"}],"up":[{"embeddable":true,"href":"https:\/\/www.idrologia.polito.it\/web2\/wp-json\/wp\/v2\/pages\/3735"}],"wp:attachment":[{"href":"https:\/\/www.idrologia.polito.it\/web2\/wp-json\/wp\/v2\/media?parent=3773"}],"curies":[{"name":"wp","href":"https:\/\/api.w.org\/{rel}","templated":true}]}}