{"id":2071,"date":"2011-12-16T15:57:53","date_gmt":"2011-12-16T14:57:53","guid":{"rendered":"http:\/\/www.idrologia.polito.it\/web2\/?page_id=2071"},"modified":"2021-11-08T15:39:05","modified_gmt":"2021-11-08T14:39:05","slug":"snowpillows","status":"publish","type":"page","link":"https:\/\/www.idrologia.polito.it\/web2\/ricerca\/idrologia-montana-2\/snowpillows\/","title":{"rendered":"Incertezza delle Misure di Precipitazione in Montagna (Regione Piemonte)"},"content":{"rendered":"<p>E&#8217; noto che le misure di precipitazione possono essere influenzate da errori sistematici e non, di cui quelli sistematici sono i pi\u00f9 importanti perch\u00e9 difficili da individuare. Tra questi vi \u00e8 la sottostima della precipitazione dovuta alla deformazione del campo di vento alla bocca del pluviometro, nota per essere la principale causa di sottostima in caso di precipitazione nevosa. Le ricadute di questi fenomeni riguardano in particolare le regioni di alta quota dove, da semplici valutazioni di bilancio, emerge come vi sia una considerevole sottostima della precipitazione areale. L\u2019attivit\u00e0 di ricerca in questo campo si \u00e8 concentrata sullo studio di relazioni semplici tra le caratteristiche di densit\u00e0 del manto nevoso, misurate ad hoc con strumenti sperimentali o manualmente, e le condizioni meteorologiche osservate con strumenti di misura tradizionali, quali pluviometro, nivometro, anemometro, termometro. Queste relazioni possono essere usate per ricostruire valori di equivalente in acqua in stazioni equipaggiate con soli strumenti tradizionali e per migliorare le valutazioni dell\u2019entit\u00e0 di risorsa idrica nivale disponibile in aree montane.<\/p>\n<p><a href=\"http:\/\/www.idrologia.polito.it\/~claps\/Papers\/Relazione_RIN.pdf\">Link al report finale del progetto<\/a><\/p>\n<p>Ulteriori informazioni sono riportate <a href=\"http:\/\/www.idrologia.polito.it\/web2\/ricerca\/risorse-idriche\/idrica_nivale\/\">QUI<\/a><\/p>\n<p>&nbsp;<\/p>\n","protected":false},"excerpt":{"rendered":"<p>E&#8217; noto che le misure di precipitazione possono essere influenzate da errori sistematici e non, di cui quelli sistematici sono i pi\u00f9 importanti perch\u00e9 difficili da individuare. Tra questi vi \u00e8 la sottostima della precipitazione dovuta alla deformazione del campo di vento alla bocca del pluviometro, nota per essere la principale causa di sottostima in [&#8230;]<\/p>\n","protected":false},"author":5,"featured_media":0,"parent":3756,"menu_order":2,"comment_status":"open","ping_status":"open","template":"","meta":[],"_links":{"self":[{"href":"https:\/\/www.idrologia.polito.it\/web2\/wp-json\/wp\/v2\/pages\/2071"}],"collection":[{"href":"https:\/\/www.idrologia.polito.it\/web2\/wp-json\/wp\/v2\/pages"}],"about":[{"href":"https:\/\/www.idrologia.polito.it\/web2\/wp-json\/wp\/v2\/types\/page"}],"author":[{"embeddable":true,"href":"https:\/\/www.idrologia.polito.it\/web2\/wp-json\/wp\/v2\/users\/5"}],"replies":[{"embeddable":true,"href":"https:\/\/www.idrologia.polito.it\/web2\/wp-json\/wp\/v2\/comments?post=2071"}],"version-history":[{"count":8,"href":"https:\/\/www.idrologia.polito.it\/web2\/wp-json\/wp\/v2\/pages\/2071\/revisions"}],"predecessor-version":[{"id":3783,"href":"https:\/\/www.idrologia.polito.it\/web2\/wp-json\/wp\/v2\/pages\/2071\/revisions\/3783"}],"up":[{"embeddable":true,"href":"https:\/\/www.idrologia.polito.it\/web2\/wp-json\/wp\/v2\/pages\/3756"}],"wp:attachment":[{"href":"https:\/\/www.idrologia.polito.it\/web2\/wp-json\/wp\/v2\/media?parent=2071"}],"curies":[{"name":"wp","href":"https:\/\/api.w.org\/{rel}","templated":true}]}}