{"id":190,"date":"2009-07-09T15:01:45","date_gmt":"2009-07-09T13:01:45","guid":{"rendered":"http:\/\/www.idrologia.polito.it\/web2\/?page_id=190"},"modified":"2009-10-01T17:33:12","modified_gmt":"2009-10-01T15:33:12","slug":"il-progetto","status":"publish","type":"page","link":"https:\/\/www.idrologia.polito.it\/web2\/ricerca\/risorse-idriche\/microhydro\/il-progetto\/","title":{"rendered":"Il progetto"},"content":{"rendered":"<blockquote>\n<p style=\"text-align: center;\"><strong>Produzione di energia idroelettrica ecocompatibile dagli acquedotti: studio di sostenibilit\u00e0 sul territorio piemontese<\/strong><\/p>\n<\/blockquote>\n<p><strong><br \/>\n<\/strong><\/p>\n<p style=\"text-align: justify;\">La generazione di energia pulita mediante fonti alternative ed eco-compatibili \u00e8 molto diffusa in altri Paesi europei, come, ad esempio, la Svizzera, mentre in Italia \u00e8 ancora al di sotto dei possibili livelli di sfruttamento sebbene presenti indiscutibili vantaggi, quali:<\/p>\n<ul>\n<li>La produzione di energia senza emissioni inquinanti nell\u2019ambiente;<\/li>\n<\/ul>\n<ul>\n<li>L\u2019impatto ambientale praticamente nullo;<\/li>\n<\/ul>\n<ul>\n<li>La possibilit\u00e0 di sfruttamento degli introiti derivanti dalle sovvenzioni statali in materia di fonti energetiche rinnovabili (delibera 34\/05 AEEG, Legge 24 dicembre 2007 n.244).<\/li>\n<\/ul>\n<blockquote>\n<p style=\"text-align: center;\">I Sistemi Acquedottistici del Piemonte<\/p>\n<\/blockquote>\n<p style=\"text-align: justify;\"><img decoding=\"async\" loading=\"lazy\" class=\"alignright size-medium wp-image-191\" title=\"CSI\" src=\"http:\/\/www.idrologia.polito.it\/web2\/wp-content\/uploads\/2009\/07\/CSI-300x268.jpg\" alt=\"CSI\" width=\"300\" height=\"268\" srcset=\"https:\/\/www.idrologia.polito.it\/web2\/wp-content\/uploads\/2009\/07\/CSI-300x268.jpg 300w, https:\/\/www.idrologia.polito.it\/web2\/wp-content\/uploads\/2009\/07\/CSI.JPG 772w\" sizes=\"(max-width: 300px) 100vw, 300px\" \/>La principale fonte di dati, nonch\u00e9 punto di partenza per lo studio del potenziale idroelettrico della rete acquedottistica montana e pedemontana regionale, \u00e8 rappresentata dal censimento realizzato dalla Regione Piemonte, documentata nel rapporto \u201cInfrastrutture del servizio idrico in Piemonte\u201d (maggio 2000). Tale censimento riguarda lo stato di consistenza delle opere acquedottistiche sulla base della campagna di indagini eseguita negli anni 1997 e 1998.<\/p>\n<blockquote>\n<p style=\"text-align: justify;\">\n<p style=\"text-align: center;\">La Valutazione del Potenziale Energetico a Scala Regionale<\/p>\n<\/blockquote>\n<p style=\"text-align: justify;\"><img decoding=\"async\" loading=\"lazy\" class=\"alignright size-medium wp-image-192\" title=\"GIS\" src=\"http:\/\/www.idrologia.polito.it\/web2\/wp-content\/uploads\/2009\/07\/GIS-300x235.jpg\" alt=\"GIS\" width=\"300\" height=\"235\" srcset=\"https:\/\/www.idrologia.polito.it\/web2\/wp-content\/uploads\/2009\/07\/GIS-300x235.jpg 300w, https:\/\/www.idrologia.polito.it\/web2\/wp-content\/uploads\/2009\/07\/GIS.JPG 938w\" sizes=\"(max-width: 300px) 100vw, 300px\" \/>La valutazione della fattibilit\u00e0 e della convenienza economica di un\u2019installazione idroelettrica lungo una rete acquedottistica \u00e8 il risultato di un\u2019analisi condotta per fasi successive in cui il livello di dettaglio di indagine va aumentando. In una prima fase deve essere condotta una valutazione a macro-scala del potenziale intrinseco di ogni impianto di acquedotto e, in una fase successiva, le mappe di potenzialit\u00e0 costruite potranno essere utilizzate per individuare con facilit\u00e0 i siti potenzialmente idonei per i quali effettuare sopralluoghi ed avviare indagini per il monitoraggio delle portate sorgentizie, al fine di realizzare una valutazione di fattibilit\u00e0 tecnica ed economica per stabilire se l\u2019installazione di una o pi\u00f9 turbine possa garantire una produzione annua di energia elettrica economicamente conveniente.<\/p>\n<p style=\"text-align: left;\">Dall&#8217;esigenza di poter valutare la massima producibilit\u00e0 teorica di energia elettrica ricavabile in seguito all\u2019installazione di una o pi\u00f9 centraline idroelettriche lungo le condotte di adduzione di un impianto di acquedotto, senza conoscere a priori i dettagli progettuali dei componenti dell\u2019impianto, nasce la necessit\u00e0 di definire un potenziale intrinseco (Pni) di una rete acquedottistica di adduzione, perch\u00e9 la conoscenza del potenziale intrinseco permette di individuare agevolmente tutti quegli impianti per i quali \u00e8 opportuno andare ad approfondire le fasi di indagine e progettuale.<\/p>\n<p style=\"text-align: justify;\">\n<blockquote>\n<p style=\"text-align: center;\">La normativa di settore<\/p>\n<\/blockquote>\n<p style=\"text-align: left;\"><img decoding=\"async\" loading=\"lazy\" class=\"alignright size-medium wp-image-193\" title=\"leggi\" src=\"http:\/\/www.idrologia.polito.it\/web2\/wp-content\/uploads\/2009\/07\/leggi-300x256.jpg\" alt=\"leggi\" width=\"300\" height=\"256\" srcset=\"https:\/\/www.idrologia.polito.it\/web2\/wp-content\/uploads\/2009\/07\/leggi-300x256.jpg 300w, https:\/\/www.idrologia.polito.it\/web2\/wp-content\/uploads\/2009\/07\/leggi.jpg 425w\" sizes=\"(max-width: 300px) 100vw, 300px\" \/><span style=\"line-height: 150%;\"> <\/span>Lo sviluppo delle energie rinnovabili \u00e8 sempre stato un obiettivo centrale della politica europea nel campo energetico e della sostenibilit\u00e0 ambientale. I miglioramenti tecnologici per lo sfruttamento delle fonti rinnovabili da un lato, ed il concomitante aumento dei prezzi delle fonti tradizionali dall\u2019altro, hanno ridotto, se non addirittura eliminato, quello che un tempo era il principale fattore penalizzante delle fonti rinnovabili, vale a dire gli alti costi di generazione.<br \/>\nPer questi motivi, la normativa riguardante le fonti di energia rinnovabile, i relativi impianti di produzione ed i sistemi di incentivazione \u00e8 piuttosto recente, con un incremento nel numero di decreti ad esso riferiti in continuo aumento dal 2000 ad oggi.<br \/>\nLa prima spinta alla diffusione delle fonti rinnovabili si ha nella seconda met\u00e0 degli anni \u201990 con il Libro Bianco \u2013 energia per il futuro \u2013 FER (Fonti Energia Rinnovabili), in cui si ricorda che \u201c\u2026L\u2019Unione europea ha riconosciuto l\u2019urgente necessit\u00e0 di affrontare la questione del cambiamento climatico e ha adottato per i paesi industrializzati una posizione di negoziato per una riduzione del 15% entro il 2010, rispetto al livello 1990, delle emissioni dei gas ad effetto serra. Per facilitare il raggiungimento da parte degli Stati membri di questo obiettivo, la Commissione nella sua comunicazione sul cambiamento climatico ha individuato una serie di azioni energetiche per le Rinnovabili\u2026\u201d.<\/p>\n<blockquote>\n<p style=\"text-align: justify;\">\n<p style=\"text-align: center;\">Il Potenziale Economico a Scala Regionale<\/p>\n<\/blockquote>\n<p style=\"text-align: left;\"><img decoding=\"async\" loading=\"lazy\" class=\"alignright size-medium wp-image-194\" title=\"VAN\" src=\"http:\/\/www.idrologia.polito.it\/web2\/wp-content\/uploads\/2009\/07\/VAN-204x300.jpg\" alt=\"VAN\" width=\"204\" height=\"300\" srcset=\"https:\/\/www.idrologia.polito.it\/web2\/wp-content\/uploads\/2009\/07\/VAN-204x300.jpg 204w, https:\/\/www.idrologia.polito.it\/web2\/wp-content\/uploads\/2009\/07\/VAN.JPG 582w\" sizes=\"(max-width: 204px) 100vw, 204px\" \/>Presi in esame gli impianti di adduzione delle reti acquedottistiche della Regione Piemonte ed effettuata una valutazione a scala regionale delle potenzialit\u00e0 idroelettriche di ogni singolo impianto di acquedotto \u00e8 stato possibile redigere mappe di potenzialit\u00e0 da utilizzate per approfondimenti successivi. I risultati di possibili analisi di fattibilit\u00e0 economica relative all\u2019installazione di turbine lungo le condotte di adduzione degli acquedotti, per diversi valori di potenza nominale e in funzione di diversi scenari economici hanno consentito di sviluppare uno strumento per la valutazione dei principali parametri di redditivit\u00e0 di un investimento (VAN, TIR, payback period) in funzione della potenza nominale installabile in un generico sito e dei diversi scenari economici analizzati. Tali strumenti per l\u2019analisi di fattibilit\u00e0 economica sono stati applicati ai risultati ottenuti dalla valutazione del potenziale energetico a scala regionale con l\u2019obiettivo di stimare il massimo ricavo derivante dall\u2019installazione di una o pi\u00f9 centraline idroelettriche lungo le condotte di adduzione degli impianti d\u2019acquedotto della Regione Piemonte.<\/p>\n<p style=\"text-align: justify;\">\n<blockquote>\n<p style=\"text-align: right;\"><a href=\"\/web2\/progetti\/conclusi\/microhydro\">Torna a MICROHYDRO<\/a><\/p>\n<\/blockquote>\n<p style=\"text-align: justify;\">\u00a0<\/p>\n","protected":false},"excerpt":{"rendered":"\n<p style=\"text-align: center;\">Produzione di energia idroelettrica ecocompatibile dagli acquedotti: studio di sostenibilit\u00e0 sul territorio piemontese<\/p>\n<\/p>\n<p style=\"text-align: justify;\">La generazione di energia pulita mediante fonti alternative ed eco-compatibili \u00e8 molto diffusa in altri Paesi europei, come, ad esempio, la Svizzera, mentre in Italia \u00e8 ancora al di sotto dei possibili livelli di sfruttamento [&#8230;]<\/p>\n","protected":false},"author":5,"featured_media":0,"parent":160,"menu_order":1,"comment_status":"closed","ping_status":"closed","template":"","meta":[],"_links":{"self":[{"href":"https:\/\/www.idrologia.polito.it\/web2\/wp-json\/wp\/v2\/pages\/190"}],"collection":[{"href":"https:\/\/www.idrologia.polito.it\/web2\/wp-json\/wp\/v2\/pages"}],"about":[{"href":"https:\/\/www.idrologia.polito.it\/web2\/wp-json\/wp\/v2\/types\/page"}],"author":[{"embeddable":true,"href":"https:\/\/www.idrologia.polito.it\/web2\/wp-json\/wp\/v2\/users\/5"}],"replies":[{"embeddable":true,"href":"https:\/\/www.idrologia.polito.it\/web2\/wp-json\/wp\/v2\/comments?post=190"}],"version-history":[{"count":28,"href":"https:\/\/www.idrologia.polito.it\/web2\/wp-json\/wp\/v2\/pages\/190\/revisions"}],"predecessor-version":[{"id":880,"href":"https:\/\/www.idrologia.polito.it\/web2\/wp-json\/wp\/v2\/pages\/190\/revisions\/880"}],"up":[{"embeddable":true,"href":"https:\/\/www.idrologia.polito.it\/web2\/wp-json\/wp\/v2\/pages\/160"}],"wp:attachment":[{"href":"https:\/\/www.idrologia.polito.it\/web2\/wp-json\/wp\/v2\/media?parent=190"}],"curies":[{"name":"wp","href":"https:\/\/api.w.org\/{rel}","templated":true}]}}