{"id":128,"date":"2009-07-09T12:31:36","date_gmt":"2009-07-09T10:31:36","guid":{"rendered":"http:\/\/www.idrologia.polito.it\/web2\/?page_id=128"},"modified":"2021-11-22T16:36:53","modified_gmt":"2021-11-22T15:36:53","slug":"risorseidriche","status":"publish","type":"page","link":"https:\/\/www.idrologia.polito.it\/web2\/ricerca\/risorse-idriche\/risorseidriche\/","title":{"rendered":"Risorse Idriche in Piemonte"},"content":{"rendered":"<blockquote>\n<p style=\"text-align: center;\"><strong>Valutazione delle risorse idriche superficiali sul territorio \u00a0Piemontese \u00a0(CIPE 2003)<\/strong><\/p>\n<p style=\"text-align: center;\">Responsabili: P. Claps, F. Laio<\/p>\n<p style=\"text-align: center;\">\n<\/blockquote>\n<p><img decoding=\"async\" loading=\"lazy\" class=\"alignright size-medium wp-image-129\" title=\"immagine\" src=\"http:\/\/www.idrologia.polito.it\/web2\/wp-content\/uploads\/2009\/07\/immagine-300x219.png\" alt=\"immagine\" width=\"300\" height=\"219\" srcset=\"https:\/\/www.idrologia.polito.it\/web2\/wp-content\/uploads\/2009\/07\/immagine-300x219.png 300w, https:\/\/www.idrologia.polito.it\/web2\/wp-content\/uploads\/2009\/07\/immagine-1024x748.png 1024w, https:\/\/www.idrologia.polito.it\/web2\/wp-content\/uploads\/2009\/07\/immagine.png 1070w\" sizes=\"(max-width: 300px) 100vw, 300px\" \/>Le attivit\u00e0 condotte in quest&#8217;ambito sono finalizzate allo studio della disponibilit\u00e0 di risorsa idrica per diversi usi nel territorio piemontese.<br \/>\nIl principale progetto, svolto negli anni 2004-2007, \u00e8 stato finanziato dalla Regione Piemonte come borsa di Dottorato di Ricerca ed \u00e8 stata relativa ad uno studio avente lo scopo di esaminare la disponibilit\u00e0 di risorsa idrica e la struttura della domanda nel territorio della Regione Piemonte in relazione ad ipotesi di costruzione di nuovi invasi artificiali.<\/p>\n<p><a href=\"http:\/\/www.idrologia.polito.it\/web2\/ricerca\/risorse-idriche\/risorseidriche\/documenti\/\">QUI<\/a>\u00a0la relazione finale del progetto.<\/p>\n<blockquote>\n<p style=\"text-align: right;\"><a href=\"\/web2\/progetti\/conclusi\/\">Torna a Progetti Conclusi<\/a><\/p>\n<\/blockquote>\n<p style=\"text-align: center;\">\n","protected":false},"excerpt":{"rendered":"\n<p style=\"text-align: center;\">Valutazione delle risorse idriche superficiali sul territorio Piemontese (CIPE 2003)<\/p>\n<p style=\"text-align: center;\">Responsabili: P. Claps, F. Laio<\/p>\n<p style=\"text-align: center;\">\n<p>Le attivit\u00e0 condotte in quest&#8217;ambito sono finalizzate allo studio della disponibilit\u00e0 di risorsa idrica per diversi usi nel territorio piemontese. Il principale progetto, svolto negli anni 2004-2007, \u00e8 stato finanziato dalla Regione [&#8230;]<\/p>\n","protected":false},"author":5,"featured_media":0,"parent":34,"menu_order":2,"comment_status":"open","ping_status":"open","template":"","meta":[],"_links":{"self":[{"href":"https:\/\/www.idrologia.polito.it\/web2\/wp-json\/wp\/v2\/pages\/128"}],"collection":[{"href":"https:\/\/www.idrologia.polito.it\/web2\/wp-json\/wp\/v2\/pages"}],"about":[{"href":"https:\/\/www.idrologia.polito.it\/web2\/wp-json\/wp\/v2\/types\/page"}],"author":[{"embeddable":true,"href":"https:\/\/www.idrologia.polito.it\/web2\/wp-json\/wp\/v2\/users\/5"}],"replies":[{"embeddable":true,"href":"https:\/\/www.idrologia.polito.it\/web2\/wp-json\/wp\/v2\/comments?post=128"}],"version-history":[{"count":30,"href":"https:\/\/www.idrologia.polito.it\/web2\/wp-json\/wp\/v2\/pages\/128\/revisions"}],"predecessor-version":[{"id":3910,"href":"https:\/\/www.idrologia.polito.it\/web2\/wp-json\/wp\/v2\/pages\/128\/revisions\/3910"}],"up":[{"embeddable":true,"href":"https:\/\/www.idrologia.polito.it\/web2\/wp-json\/wp\/v2\/pages\/34"}],"wp:attachment":[{"href":"https:\/\/www.idrologia.polito.it\/web2\/wp-json\/wp\/v2\/media?parent=128"}],"curies":[{"name":"wp","href":"https:\/\/api.w.org\/{rel}","templated":true}]}}