{"id":1033,"date":"2009-10-19T15:21:33","date_gmt":"2009-10-19T13:21:33","guid":{"rendered":"http:\/\/www.idrologia.polito.it\/web2\/?page_id=1033"},"modified":"2021-11-08T15:35:57","modified_gmt":"2021-11-08T14:35:57","slug":"floodalp","status":"publish","type":"page","link":"https:\/\/www.idrologia.polito.it\/web2\/ricerca\/idrologia-montana-2\/floodalp\/","title":{"rendered":"FloodALP"},"content":{"rendered":"<p style=\"text-align: left;\">Nei bacini alpini, a seconda delle condizioni di temperatura esistenti al momento dell&#8217;evento, la precipitazione pu\u00f2 avvenire in forma liquida su una parte del bacino (area contribuente) ed essere nevosa sulla restante parte. L&#8217;area contribuente giace al di sotto della quota di zero termico (ZT o snow line) e varia al modificarsi di questa quota in funzione delle caratteristiche altimetriche del bacino (Fig. 1).<a href=\"http:\/\/www.idrologia.polito.it\/web2\/ricerca\/valutazione-piene\/piena_bacini_montani\/schema-3\/\" rel=\"attachment wp-att-1721\"><img decoding=\"async\" loading=\"lazy\" class=\"size-large wp-image-1721 aligncenter\" title=\"schema\" src=\"http:\/\/www.idrologia.polito.it\/web2\/wp-content\/uploads\/2009\/10\/schema2-1024x586.jpg\" alt=\"\" width=\"553\" height=\"315\" srcset=\"https:\/\/www.idrologia.polito.it\/web2\/wp-content\/uploads\/2009\/10\/schema2-1024x586.jpg 1024w, https:\/\/www.idrologia.polito.it\/web2\/wp-content\/uploads\/2009\/10\/schema2-300x171.jpg 300w, https:\/\/www.idrologia.polito.it\/web2\/wp-content\/uploads\/2009\/10\/schema2-150x85.jpg 150w, https:\/\/www.idrologia.polito.it\/web2\/wp-content\/uploads\/2009\/10\/schema2-400x229.jpg 400w\" sizes=\"(max-width: 553px) 100vw, 553px\" \/><\/a><em>Fig.1 &#8211; Rappresentazione schematica del concetto di area contribuente in funzione del regime termico del bacino T(t) e del conseguente andamento stagionale dello zero termico ZT(t). La linea nera rappresenta ilr egime termico indisturbato, quella rossa esemplifica il caso di un ipotetico aumento delle temperature.<\/em><\/p>\n<p style=\"text-align: justify;\">La risposta dei bacini di alta quota ad una precipitazione, dunque, dipende fortemente dalle condizioni di temperatura al momento dell&#8217;evento. Infatti quando la temperatura \u00e8 molto bassa (al di sotto dello zero) una parte del bacino \u00e8 interessata da precipitazione nevosa che si accumula e non partecipa alla formazione della portata. Questo fenomeno \u00e8 in grado di mitigare notevolmente la gravosit\u00e0 di un evento di piena, e ci\u00f2 avviene nella misura in cui si riduce l&#8217;area interessata dalla precipitazione liquida (area contribuente, in bianco nello schema qui a sinistra).<\/p>\n<p style=\"text-align: justify;\">La nostra ricerca si propone di indagare gli effetti della variabilit\u00e0 dell&#8217;area contribuente sul rischio di piena nei bacini montani, attraverso la derivazione analitica della distribuzione di probabilit\u00e0 delle piene ottenuta con un modello geomorfoclimatico. Il modello ricostruisce gli effetti della variazione dell&#8217;area contribuente sulla base di descrizioni semplici della variazione stagionale dello zero termico e della curva ipsografica del bacino.<\/p>\n<p>Il modello pu\u00f2 anche essere usato come strumento per indagare la suscettibilit\u00e0 dei bacini montani al cambiamento climatico, ad esempio imponendo un aumento delle temperature medie annue. Temperature pi\u00f9 alte di 2\u00b0C equivalgono ad un aumento della frequenza delle piene di K volte rispetto alle condizioni indisturbate (la variabilit\u00e0 di K \u00e8 riportata in Figura 2\u00a0 per una famiglia di bacini annidati aventi quota massima pari a 4500 m e quota minima variabile).<\/p>\n<p style=\"text-align: left;\"><a href=\"http:\/\/www.idrologia.polito.it\/web2\/ricerca\/valutazione-piene\/piena_bacini_montani\/contour_plot_0-2\/\" rel=\"attachment wp-att-1727\"><img decoding=\"async\" loading=\"lazy\" class=\"aligncenter size-large wp-image-1727\" title=\"contour_plot_0\" src=\"http:\/\/www.idrologia.polito.it\/web2\/wp-content\/uploads\/2009\/10\/contour_plot_01-1024x780.jpg\" alt=\"\" width=\"476\" height=\"361\" srcset=\"https:\/\/www.idrologia.polito.it\/web2\/wp-content\/uploads\/2009\/10\/contour_plot_01-300x228.jpg 300w, https:\/\/www.idrologia.polito.it\/web2\/wp-content\/uploads\/2009\/10\/contour_plot_01-150x114.jpg 150w, https:\/\/www.idrologia.polito.it\/web2\/wp-content\/uploads\/2009\/10\/contour_plot_01-400x304.jpg 400w\" sizes=\"(max-width: 476px) 100vw, 476px\" \/><\/a><em>Fig. 2 &#8211; Il grafico mette in relazione il valore del coefficiente K con il preiodo di ritorno indisturbato RP (sulle ascisse) e con la quota della sezione di chiusura (sulle ordinate) nell&#8217;impotesi di un incremento della temperature di 2\u00b0C per una famiglia di bacini annidati aventi quota massima pari a 4500 m.<\/em><\/p>\n<p>L&#8217;applicazione del modello ad ampie regioni consente di rappresentare il possibile incremento del rischio di alluvione nelle zone alpine (Fig.3).\u00a0 L&#8217;obiettivo \u00e8 particolarmente attuale, data l&#8217;estrema sensibilit\u00e0 delle regioni montane al cambiamento climatico.<\/p>\n<p style=\"text-align: left;\"><a href=\"http:\/\/www.idrologia.polito.it\/web2\/ricerca\/valutazione-piene\/piena_bacini_montani\/reticolo7_cut_mod-2\/\" rel=\"attachment wp-att-1725\"><img decoding=\"async\" loading=\"lazy\" class=\"size-large wp-image-1725 aligncenter\" title=\"reticolo7_cut_mod\" src=\"http:\/\/www.idrologia.polito.it\/web2\/wp-content\/uploads\/2009\/10\/reticolo7_cut_mod1-1024x539.jpg\" alt=\"\" width=\"942\" height=\"495\" srcset=\"https:\/\/www.idrologia.polito.it\/web2\/wp-content\/uploads\/2009\/10\/reticolo7_cut_mod1-1024x539.jpg 1024w, https:\/\/www.idrologia.polito.it\/web2\/wp-content\/uploads\/2009\/10\/reticolo7_cut_mod1-300x157.jpg 300w, https:\/\/www.idrologia.polito.it\/web2\/wp-content\/uploads\/2009\/10\/reticolo7_cut_mod1-150x78.jpg 150w, https:\/\/www.idrologia.polito.it\/web2\/wp-content\/uploads\/2009\/10\/reticolo7_cut_mod1-400x210.jpg 400w\" sizes=\"(max-width: 942px) 100vw, 942px\" \/><\/a><\/p>\n<p style=\"text-align: left;\"><em>Fig. 3 &#8211; Variabilt\u00e0 dell&#8217;indice K (rapporto tra il tempo do ritorno industurbato ed il periodo di ritorno in condizioni climatiche diverse da quelle attuali) lungo il reticolo idrografico dell&#8217;arco alpino per un incremento della temperatura di 2\u00b0C con riferimento alla piena centenaria.<\/em><\/p>\n<p>Un riassunto dei problemi relativi al rischio di alluvione nelle zone montane \u00e8 esposto nella presentazione disponibile \u00a0<a href=\"http:\/\/www.slideshare.net\/pclaps\/piene-in-montagna-e-global-warming\">QUI.<\/a><\/p>\n<p><strong>Pubblicazioni<\/strong><\/p>\n<p>Bloschl, G; Hall, J.; Parajka, J.; Perdig\u00e3o, Rui A.P.; Merz, B.; Arheimer, B.; Aronica, G.T.; Bilibashi, A.; Bonacci, O.; Borga, M.; \u00c4anjevac, I.; Castellarin, A.; Chirico, G. B.; Claps, P.; et al., Changing climate shifts timing of European floods. In: <strong>SCIENCE<\/strong>, vol. 357 n. 6351, pp. 588-590. &#8211; ISSN 0036-8075, <strong>2017<\/strong><\/p>\n<p>Hall, J.; Arheimer, B.; Borga, M., Brazdil, R Claps, P.; et al., Understanding flood regime changes in Europe: a state-of-the-art assessment, <strong>Hydrology and Earth System Sciences<\/strong>, Volume: 18 Issue: 7 Pages: 2735-2772, 2014, DOI: 10.5194\/hess-18-2735-<strong>2014<\/strong>.\u00a0Times Cited: <strong>92<\/strong> (checked Sept. 2017);<\/p>\n<p>Parajka, J.; Kohnova, S.; Balint, G.; Barbuc, M., Borga, M. Claps, P., et al., Seasonal characteristics of flood regimes across the Alpine-Carpathian range, <strong>Journal of Hydrology<\/strong>, Volume: 394 Issue: 1-2 Pages: 78-89, <strong>2010<\/strong>, DOI: 10.1016\/j.jhydrol.2010.05.015 .\u00a0Times Cited: <strong>81<\/strong> (checked Sept. 2017)<\/p>\n<p>Allamano P., E. Bartolini, P.Claps, F.Laio, <a href=\"http:\/\/www.idrologia.polito.it\/~allamano\/lavori\/allamano_idra2010.pdf\">Effetti di variazioni climatiche sul rischio di piena nei bacini alpini<\/a>, XXXII Convegno Nazionale di Idraulica e Costruzioni Idrauliche, Palermo, 14-17 settembre <strong>2010<\/strong><\/p>\n<p>Allamano, P., P. Claps, and F. Laio,\u00a0<a href=\"http:\/\/www.idrologia.polito.it\/~allamano\/lavori\/2009GL041395.pdf\">Global warming increases flood risk in mountainous areas<\/a>,\u00a0<strong>Geophys. Res. Lett.<\/strong>,\u00a036,\u00a0L24404, doi:10.1029\/2009GL041395, <strong>2009.\u00a0<\/strong><span class=\"data_bold\">Times Cited:\u00a0<strong>42<\/strong>\u00a0(checked Sept. 2017)<\/span><\/p>\n<p>Allamano P., Claps P., Laio F. <a href=\"http:\/\/www.idrologia.polito.it\/~allamano\/lavori\/2007WR006658p.pdf\">An analytical model of the effects of catchment elevation on the flood frequency distribution<\/a>, <strong>Water Resour. Res<\/strong>., 45, W01402, doi:10.1029\/2007WR006658, <strong>2009<\/strong>.\u00a0<span class=\"data_bold\">Times Cited: <\/span><strong>11\u00a0<\/strong>(checked Sept. 2017)<\/p>\n<p>Allamano P.,Claps P.,Laio F., Thea C., A data-based assessment of the dependence of short-duration precipitation on elevation, <strong>Physics and Chemistry of the Earth<\/strong>,Parts A\/B\/C,Volume 34,Issues 10-12,Pages 635 641,doi:10.1016\/j.pce.2009.01.001,2009\u00a0<a href=\"http:\/\/www.idrologia.polito.it\/~claps\/Papers\/JPCE_34_2009.pdf\">[pdf]<\/a>\u00a0<span class=\"data_bold\">Times Cited: <\/span><strong>17\u00a0\u00a0<\/strong>(checked Sept. 2017)<\/p>\n<p>Allamano P., <a href=\"http:\/\/www.idrologia.polito.it\/~allamano\/lavori\/Allamano_idra08.pdf\">Un modello analitico per la valutazione del rischio di piena in bacini montani<\/a>, XXXI Convegno di Idraulica e Costruzioni Idrauliche \u2013 IDRA 2008, Perugia, 9-12 Settembre 2008<\/p>\n<p>Allamano P.,Precipitation-runoff mechanisms in mountainous river basins,\u00a0<strong>Phd Dissertation<\/strong>\u00a0,Marzo 2008.\u00a0<a href=\"http:\/\/www.idrologia.polito.it\/~allamano\/lavori\/abstract.pdf\" target=\"_blank\" rel=\"noopener noreferrer\">[abstract]<\/a><\/p>\n<p><strong>Argomenti correlati:<\/strong><\/p>\n<p>Bartolini, E. P. Allamano,F. Laio,P. Claps. Runoff regime estimation at high-elevation sites:a parsimonious water balance approach, <strong>Hydrology and Earth System Sciences<\/strong>,15,1661-1673, <strong>2011<\/strong>.\u00a0<a href=\"http:\/\/www.idrologia.polito.it\/~claps\/Papers\/hess-15-1661-2011.pdf\">[pdf]<\/a>\u00a0<span class=\"data_bold\">Times Cited: <\/span><strong>6<\/strong> \u00a0(checked Sept. 2017)<\/p>\n<p>Bartolini, E., P. Claps, and P. D\u2019Odorico, Interannual variability of winter precipitation in the European Alps: relations with the North Atlantic Oscillation, <strong>Hydrol. Earth Syst. Sci.<\/strong> 13, 17\u00d025, <strong>2009<\/strong>.\u00a0<span class=\"data_bold\">Times Cited: <strong>32<\/strong><\/span>\u00a0(checked Sept. 2017)<\/p>\n<p>Bartolini, E. 2011. Methods for assessing water resources in cold regions. <strong>Phd Dissertation<\/strong>.<a href=\"http:\/\/www.idrologia.polito.it\/~bartolini\/PhD_dissertation.pdf\"> [pdf]<\/a><\/p>\n<p>Larcher F.,P. Allamano,P. Claps,Estimation of the Heated Rain Gauge Error at a High-Elevation Site in the Italian Alps,Working-Paper 2009-01, Dipartimento di Idraulica,Trasporti ed Infrastrutture Civili, Politecnico di Torino,2009.<a href=\"http:\/\/www2.polito.it\/strutture\/ditic\/Ricerca\/WP2009-01.pdf\">[pdf]<\/a><\/p>\n<p>&nbsp;<\/p>\n<p><strong><br \/>\n<\/strong><\/p>\n<blockquote>\n<p style=\"text-align: right;\"><a href=\"http:\/\/www.idrologia.polito.it\/web2\/ricerca\/\">Torna a Ricerca<\/a><\/p>\n<\/blockquote>\n","protected":false},"excerpt":{"rendered":"<p style=\"text-align: left;\">Nei bacini alpini, a seconda delle condizioni di temperatura esistenti al momento dell&#8217;evento, la precipitazione pu\u00f2 avvenire in forma liquida su una parte del bacino (area contribuente) ed essere nevosa sulla restante parte. L&#8217;area contribuente giace al di sotto della quota di zero termico (ZT o snow line) e varia al modificarsi di [&#8230;]<\/p>\n","protected":false},"author":5,"featured_media":0,"parent":3756,"menu_order":2,"comment_status":"closed","ping_status":"closed","template":"","meta":[],"_links":{"self":[{"href":"https:\/\/www.idrologia.polito.it\/web2\/wp-json\/wp\/v2\/pages\/1033"}],"collection":[{"href":"https:\/\/www.idrologia.polito.it\/web2\/wp-json\/wp\/v2\/pages"}],"about":[{"href":"https:\/\/www.idrologia.polito.it\/web2\/wp-json\/wp\/v2\/types\/page"}],"author":[{"embeddable":true,"href":"https:\/\/www.idrologia.polito.it\/web2\/wp-json\/wp\/v2\/users\/5"}],"replies":[{"embeddable":true,"href":"https:\/\/www.idrologia.polito.it\/web2\/wp-json\/wp\/v2\/comments?post=1033"}],"version-history":[{"count":36,"href":"https:\/\/www.idrologia.polito.it\/web2\/wp-json\/wp\/v2\/pages\/1033\/revisions"}],"predecessor-version":[{"id":3509,"href":"https:\/\/www.idrologia.polito.it\/web2\/wp-json\/wp\/v2\/pages\/1033\/revisions\/3509"}],"up":[{"embeddable":true,"href":"https:\/\/www.idrologia.polito.it\/web2\/wp-json\/wp\/v2\/pages\/3756"}],"wp:attachment":[{"href":"https:\/\/www.idrologia.polito.it\/web2\/wp-json\/wp\/v2\/media?parent=1033"}],"curies":[{"name":"wp","href":"https:\/\/api.w.org\/{rel}","templated":true}]}}