{"id":1055,"date":"2009-10-19T15:51:17","date_gmt":"2009-10-19T13:51:17","guid":{"rendered":"http:\/\/www.idrologia.polito.it\/web2\/?page_id=1055"},"modified":"2021-11-19T18:57:42","modified_gmt":"2021-11-19T17:57:42","slug":"idrica_nivale","status":"publish","type":"page","link":"http:\/\/www.idrologia.polito.it\/web2\/ricerca\/risorse-idriche\/idrica_nivale\/","title":{"rendered":"La valutazione della risorsa idrica nivale"},"content":{"rendered":"<p style=\"text-align: justify;\">Il manto nevoso costituisce una risorsa idrica preziosa, il cui rilascio \u00e8 lento ed indipendente dalla disponibilit\u00e0 di precipitazione. L&#8217;entit\u00e0 di tale risorsa per\u00f2 \u00e8 difficilmente quantificabile, se non attraverso la combinazione di metodi di indagine diversi. L&#8217;estensione areale della copertura nevosa, per esempio, pu\u00f2 essere dedotta da immagini satellitari. Il suo spessore \u00e8 molto variabile nello spazio, ed \u00e8 osservato in alcuni punti di misura attraverso apposiiti strumenti (nivometri ad ultrasuoni). Anche in questi punti, tuttavia, per quantificare l&#8217;acqua effettivamente contenuta nel manto nevoso \u00e8 necessario conoscerne la densit\u00e0, che \u00e8 molto variabile nel tempo.<\/p>\n<p style=\"text-align: justify;\">Per ampliare le conoscenze abbiamo allestito, in collaborazione con Enel Sondrio, un sito di misura sperimentale nel quale disponiamo di tre tipologie di strumenti per la misura puntuale l&#8217;equivalente in acqua del manto nevoso (Snow Water Equivalent, SWE): uno <a href=\"http:\/\/www.hortus.it\/\">snow pillow [Hortus]<\/a>, uno <a href=\"http:\/\/www.sommer.at\/no_cache\/en\/products\/sensors-devices\/snow\/sommer\/own\/ssg.html\">snow scale [Sommer]<\/a>, affiancati da quindici esemplari di sensori sperimentali per la misura dell&#8217;SWE, sviluppati dal nostro gruppo. Il funzionamento degli strumenti si basa sulla misura del peso del manto nevoso e quindi dell&#8217;acqua equivalente contenuta nel manto depositato. La stazione \u00e8 dotata altres\u00ec di una webcam e di una stazione meteo dotata di pluviometro riscaldato, temoigrometro, nivometro, anemometro e radiometro.Lo scopo dell&#8217;eseprimento \u00e8 quello di testare l&#8217;affidabilit\u00e0 degli strumenti sperimentali.<\/p>\n<p style=\"text-align: justify;\"><a href=\"http:\/\/www.idrologia.polito.it\/web2\/wp-content\/uploads\/2009\/10\/adam\u00e8.jpg\"><img decoding=\"async\" loading=\"lazy\" class=\" wp-image-2758 aligncenter\" src=\"http:\/\/www.idrologia.polito.it\/web2\/wp-content\/uploads\/2009\/10\/adam\u00e8.jpg\" alt=\"adam\u00e8\" width=\"429\" height=\"322\" \/><\/a><\/p>\n<p style=\"text-align: justify;\">Un progetto analogo, concluso nel 2010, aveva portato all&#8217;allestimento di due stazioni, equipaggiate con soli strumenti tradizionali per la misura dell&#8217;SWE, sulle Alpi piemontesi.\u00a0 La relazione finale di tale progetto \u00e8 scaricabile <a href=\"http:\/\/www.idrologia.polito.it\/~claps\/Papers\/Relazione_RIN.pdf\">QUI<\/a><\/p>\n<blockquote>\n<p style=\"text-align: right;\"><a href=\"http:\/\/www.idrologia.polito.it\/web2\/ricerca\/\">Torna a Ricerca<\/a><\/p>\n<\/blockquote>\n","protected":false},"excerpt":{"rendered":"<p style=\"text-align: justify;\">Il manto nevoso costituisce una risorsa idrica preziosa, il cui rilascio \u00e8 lento ed indipendente dalla disponibilit\u00e0 di precipitazione. L&#8217;entit\u00e0 di tale risorsa per\u00f2 \u00e8 difficilmente quantificabile, se non attraverso la combinazione di metodi di indagine diversi. L&#8217;estensione areale della copertura nevosa, per esempio, pu\u00f2 essere dedotta da immagini satellitari. Il suo spessore [&#8230;]<\/p>\n","protected":false},"author":5,"featured_media":0,"parent":34,"menu_order":1,"comment_status":"open","ping_status":"open","template":"","meta":[],"_links":{"self":[{"href":"http:\/\/www.idrologia.polito.it\/web2\/wp-json\/wp\/v2\/pages\/1055"}],"collection":[{"href":"http:\/\/www.idrologia.polito.it\/web2\/wp-json\/wp\/v2\/pages"}],"about":[{"href":"http:\/\/www.idrologia.polito.it\/web2\/wp-json\/wp\/v2\/types\/page"}],"author":[{"embeddable":true,"href":"http:\/\/www.idrologia.polito.it\/web2\/wp-json\/wp\/v2\/users\/5"}],"replies":[{"embeddable":true,"href":"http:\/\/www.idrologia.polito.it\/web2\/wp-json\/wp\/v2\/comments?post=1055"}],"version-history":[{"count":19,"href":"http:\/\/www.idrologia.polito.it\/web2\/wp-json\/wp\/v2\/pages\/1055\/revisions"}],"predecessor-version":[{"id":3900,"href":"http:\/\/www.idrologia.polito.it\/web2\/wp-json\/wp\/v2\/pages\/1055\/revisions\/3900"}],"up":[{"embeddable":true,"href":"http:\/\/www.idrologia.polito.it\/web2\/wp-json\/wp\/v2\/pages\/34"}],"wp:attachment":[{"href":"http:\/\/www.idrologia.polito.it\/web2\/wp-json\/wp\/v2\/media?parent=1055"}],"curies":[{"name":"wp","href":"https:\/\/api.w.org\/{rel}","templated":true}]}}